{"id":6431,"date":"2022-06-20T10:45:26","date_gmt":"2022-06-20T15:45:26","guid":{"rendered":"http:\/\/amco.one.zysites.com\/about-us\/"},"modified":"2023-02-01T18:30:32","modified_gmt":"2023-02-02T00:30:32","slug":"about-us","status":"publish","type":"page","link":"https:\/\/www.amgogulf.com\/es\/about-us\/","title":{"rendered":"Sobre nosotros"},"content":{"rendered":"<p>Amco Auto Insurance ha estado en el negocio desde junio de 1987. Nuestra primera oficina se abri\u00f3 en Houston, Texas.<\/p>\n<p>\u00abLa propuesta de valor de Amco es brindar un servicio al cliente respetuoso y precios justos, lo que no solo hace que los clientes regresen, sino que tambi\u00e9n los alienta a recomendar a familiares y amigos a nuestra compa\u00f1\u00eda\u00bb, afirm\u00f3 Rahim Peerbhai, presidente de Amco Insurance Agencies, Inc. y Remco Insurance Agencies. Inc., que ahora desempe\u00f1a el papel de administrar y mantener todas sus oficinas en todo el pa\u00eds.<\/p>\n<p>Nuestro equipo est\u00e1 comprometido a brindar a nuestros clientes servicios de seguros de la m\u00e1s alta calidad combinados con las tarifas m\u00e1s bajas disponibles en su \u00e1rea. Nuestros destacados agentes de seguros trabajar\u00e1n con usted uno a uno para garantizar que obtenga una soluci\u00f3n que se adapte espec\u00edficamente a sus necesidades.<\/p>\n<p>Ya sea que est\u00e9 comprando un seguro de autom\u00f3vil, hogar, motocicleta o negocio, nuestro equipo altamente experimentado de agentes de seguros puede ayudarlo a encontrar la cobertura adecuada a la tarifa m\u00e1s baja, sin importar cu\u00e1les sean sus necesidades.<\/p>\n<p>Nuestro objetivo final es crear relaciones duraderas con cada uno de nuestros clientes para que podamos continuar brindando un excelente servicio durante muchos a\u00f1os m\u00e1s.<br \/>\nA diferencia de muchas de las compa\u00f1\u00edas de seguros nacionales m\u00e1s grandes que existen, toda su informaci\u00f3n se mantendr\u00e1 segura y privada.<\/p>\n<p><em>\u00a1Esperamos trabajar con usted!<\/em><\/p>\n","protected":false},"excerpt":{"rendered":"<p>Amco Auto Insurance ha estado en el negocio desde junio de 1987. Nuestra primera oficina se abri\u00f3 en Houston, Texas. \u00abLa propuesta de valor de Amco es brindar un servicio al cliente respetuoso y precios justos, lo que no solo hace que los clientes regresen, sino que tambi\u00e9n los alienta a recomendar a familiares y [&hellip;]<\/p>\n","protected":false},"author":6,"featured_media":0,"parent":0,"menu_order":0,"comment_status":"closed","ping_status":"closed","template":"","meta":{"_acf_changed":false,"_seopress_robots_primary_cat":"0","_seopress_titles_title":"","_seopress_titles_desc":"","_seopress_robots_index":"","_analytify_skip_tracking":false,"footnotes":""},"class_list":["post-6431","page","type-page","status-publish","hentry"],"acf":[],"_links":{"self":[{"href":"https:\/\/www.amgogulf.com\/es\/wp-json\/wp\/v2\/pages\/6431","targetHints":{"allow":["GET"]}}],"collection":[{"href":"https:\/\/www.amgogulf.com\/es\/wp-json\/wp\/v2\/pages"}],"about":[{"href":"https:\/\/www.amgogulf.com\/es\/wp-json\/wp\/v2\/types\/page"}],"author":[{"embeddable":true,"href":"https:\/\/www.amgogulf.com\/es\/wp-json\/wp\/v2\/users\/6"}],"replies":[{"embeddable":true,"href":"https:\/\/www.amgogulf.com\/es\/wp-json\/wp\/v2\/comments?post=6431"}],"version-history":[{"count":0,"href":"https:\/\/www.amgogulf.com\/es\/wp-json\/wp\/v2\/pages\/6431\/revisions"}],"wp:attachment":[{"href":"https:\/\/www.amgogulf.com\/es\/wp-json\/wp\/v2\/media?parent=6431"}],"curies":[{"name":"wp","href":"https:\/\/api.w.org\/{rel}","templated":true}]}}